{"id":3979,"date":"2021-05-07T08:38:30","date_gmt":"2021-05-07T08:38:30","guid":{"rendered":"http:\/\/quanticalabs.com\/wptest\/medicenter-new\/?page_id=3979"},"modified":"2024-10-22T08:29:33","modified_gmt":"2024-10-22T08:29:33","slug":"home-ophthalmologist","status":"publish","type":"page","link":"https:\/\/remafibc.com\/","title":{"rendered":"INICIO"},"content":{"rendered":"<p>[vc_row type=\u00bbfull-width\u00bb][vc_column][rev_slider_vc alias=\u00bbhome-ophthalmologist\u00bb mc_navigation=\u00bb0&#8243;][\/vc_column][\/vc_row][vc_row type=\u00bbfull-width\u00bb css=\u00bb.vc_custom_1615388265937{background-color: #f0f0f0 !important;}\u00bb el_class=\u00bbpadding-top-63 padding-bottom-63&#8243;][vc_column][vc_row_inner][vc_column_inner width=\u00bb1\/3&#8243;]<ul class=\"clearfix mc-features mc-features-circle circle-small mc-features-style-light light-white float-left\"><li class=\"item-content clearfix\">\r\n\t\t\t\t<span class=\"circle\"  title=\"Direcci\u00f3n\"><span class=\"features-map\"><\/span><\/span><div class=\"text\"><h3><span   title=\"Direcci\u00f3n\">Direcci\u00f3n<\/span><\/h3><p>C. de Asura, 41, A, local 2.<br \/>\n28043 Madrid.<\/p>\n<\/div>\r\n\t\t\t<\/li><\/ul>[\/vc_column_inner][vc_column_inner width=\u00bb1\/3&#8243;]<ul class=\"clearfix mc-features mc-features-circle circle-small mc-features-style-light light-white float-left\"><li class=\"item-content clearfix\">\r\n\t\t\t\t<span class=\"circle\"  title=\"Contacto\"><span class=\"features-email\"><\/span><\/span><div class=\"text\"><h3><span   title=\"Contacto\">Contacto<\/span><\/h3><p>Tel\u00e9fono: <a href=tel:617 507 160>617 507 160<\/a><br \/>\nEmail: <a href='mailto:info@remafibc.com'>info@remafibc.com<\/a><\/p>\n<\/div>\r\n\t\t\t<\/li><\/ul>[\/vc_column_inner][vc_column_inner width=\u00bb1\/3&#8243;]<ul class=\"clearfix mc-features mc-features-circle circle-small mc-features-style-light light-white float-left\"><li class=\"item-content clearfix\">\r\n\t\t\t\t<span class=\"circle\"  title=\"Horario de Atenci\u00f3n\"><span class=\"features-clock\"><\/span><\/span><div class=\"text\"><h3><span   title=\"Horario de Atenci\u00f3n\">Horario de Atenci\u00f3n<\/span><\/h3><p>De lunes a viernes:<br \/>\nde 10.00 &#8211; 14.00 y de 16.00 &#8211; 20.00<\/p>\n<\/div>\r\n\t\t\t<\/li><\/ul>[\/vc_column_inner][\/vc_row_inner][\/vc_column][\/vc_row][vc_row el_class=\u00bbpadding-top-100 padding-bottom-100&#8243;][vc_column width=\u00bb1\/2&#8243;]<h3 class=\"box-header\">Bienvenido a Fisioterapia REMAFIBC - Resecci\u00f3n Manual Fibroconectiva<\/h3><h2 class=\"box-header large margin-top-30 no-border\">La fisioterapia que <strong> T\u00fa <\/strong>necesitas<\/h2>[vc_single_image image=\u00bb5215&#8243; img_size=\u00bbfull\u00bb el_class=\u00bbpage-margin-top-section\u00bb][\/vc_column][vc_column width=\u00bb1\/2&#8243;][vc_single_image image=\u00bb5590&#8243; img_size=\u00bb320&#215;200&#8243; el_class=\u00bbside-image page-margin-top\u00bb][vc_single_image image=\u00bb5588&#8243; img_size=\u00bbmedium\u00bb alignment=\u00bbright\u00bb][vc_column_text el_class=\u00bblarge margin-top-100&#8243;]Somos un centro especializado en la recuperaci\u00f3n y rehabilitaci\u00f3n de lesiones y diversas patolog\u00edas a trav\u00e9s de una fisioterapia mucho m\u00e1s efectiva y vanguardista la <a href=\"https:\/\/youtu.be\/P2Rg_QfYjbo\"><strong>Resecci\u00f3n <\/strong><strong>Manual Fibroconectiva<\/strong>.<\/a>[\/vc_column_text][vc_button title=\u00bbV\u00cdDEO\u00bb size=\u00bblarge\u00bb target=\u00bb_blank\u00bb style=\u00bblight-color\u00bb href=\u00bbhttps:\/\/youtu.be\/P2Rg_QfYjbo\u00bb el_class=\u00bbmargin-top-30&#8243;][vc_empty_space][vc_empty_space][vc_empty_space][vc_column_text el_class=\u00bblarge\u00bb]Teniendo como prioridad m\u00e1xima la <em>\u00abExcelencia\u00bb<\/em><strong>\u00a0 <\/strong>a la hora de valorar, diagnosticar y dar tratamiento\u00a0 para restablecer los tejidos lesionados de la forma m\u00e1s eficaz.<\/p>\n<p>Damos un servicio de las m\u00e1s alta calidad conociendo la\u00a0 importancia de los detalles para conseguir los mejores resultados.<\/p>\n<p>Con unos tiempos de intervenci\u00f3n adaptados a las necesidades de cada paciente para garantizar la mejor\u00eda desde la primera sesi\u00f3n.[\/vc_column_text][vc_button title=\u00bbSABER M\u00c1S\u00bb size=\u00bblarge\u00bb style=\u00bblight-color\u00bb href=\u00bbhttps:\/\/remafibc.com\/?page_id=3811&#8243; el_class=\u00bbmargin-top-30&#8243;][\/vc_column][\/vc_row][vc_row type=\u00bbfull-width\u00bb css=\u00bb.vc_custom_1615560636479{background-color: #f0f0f0 !important;}\u00bb el_class=\u00bbpadding-top-100 padding-bottom-100&#8243;][vc_column][vc_row_inner][vc_column_inner width=\u00bb1\/3&#8243;]<h2 class=\"box-header large no-border\">Nuestros tratamientos<\/h2>[\/vc_column_inner][vc_column_inner width=\u00bb2\/3&#8243;][vc_column_text el_class=\u00bblarge padding-0&#8243;]Somos especialistas en el restablecimiento de los tejidos mediante la intervenci\u00f3n sin dolor tratando la causa, no el s\u00edntoma. Implementamos la adherencia al tratamiento preventivo y a un nuevo h\u00e1bito saludable personalizado para que el resultado sea duradero.[\/vc_column_text][\/vc_column_inner][\/vc_row_inner][vc_row_inner top_margin=\u00bbpage-margin-top-section\u00bb][vc_column_inner]<ul class=\"services-list clearfix services-icons\"><li class=\"vc_row wpb_row vc_row-fluid\"><ul><li><span class=\"service-icon features-science\"><\/span><div class=\"service-content\"><h4>REMAFIBC &#8211; RESECCI\u00d3N MANUAL FIBROCONECTIVA<\/h4><p>Intervenci\u00f3n especializada en el diagn\u00f3stico y tratamiento manual por planos del tejido. Restablecimiento de adherencias y la implicaci\u00f3n del SNA. <\/p>\n<\/div><\/li><li><span class=\"service-icon features-medical-bed\"><\/span><div class=\"service-content\"><h4>FISIOTERAPIA<\/h4><p>Recuperaci\u00f3n del paciente con cualquier agente f\u00edsico natural que mejore su estado de salud.<\/p>\n<\/div><\/li><\/ul><\/li><li class=\"vc_row wpb_row vc_row-fluid\"><ul><li><span class=\"service-icon features-brain\"><\/span><div class=\"service-content\"><h4>FASCIOTERAPIA<\/h4><p>Tratamiento integral del tejido conectivo.<\/p>\n<\/div><\/li><li><span class=\"service-icon features-dna\"><\/span><div class=\"service-content\"><h4>ESTIRAMIENTO Y AUTOELASTIFICACIONES<\/h4><p>Pueden parecer lo mismo, pero a la hora de realizarlos sus matices y efectos cambian.<\/p>\n<\/div><\/li><\/ul><\/li><\/ul>[\/vc_column_inner][\/vc_row_inner][vc_row_inner el_class=\u00bbalign-center padding-top-63 padding-bottom-13&#8243;][vc_column_inner][vc_button title=\u00bbTODOS LOS SERVICIOS\u00bb size=\u00bblarge\u00bb style=\u00bbdark-color\u00bb href=\u00bbhttps:\/\/remafibc.com\/?page_id=3794&#8243; el_class=\u00bbsingle-button\u00bb][\/vc_column_inner][\/vc_row_inner][\/vc_column][\/vc_row][vc_row type=\u00bbfull-width\u00bb el_class=\u00bbflex-box\u00bb css=\u00bb.vc_custom_1616079441908{background-color: #ffffff !important;}\u00bb][vc_column width=\u00bb1\/2&#8243; css=\u00bb.vc_custom_1662718357899{background-position: center !important;background-repeat: no-repeat !important;background-size: cover !important;}\u00bb el_class=\u00bbpadding-bottom-128 column-limited\u00bb][vc_row_inner el_class=\u00bbpadding-right-100&#8243;][vc_column_inner]<h3 class=\"box-header margin-top-92\">Garant\u00eda de los mejores resultados<\/h3><h2 class=\"box-header large margin-top-30 no-border\">\u00bfQu\u00e9 nos diferencia?<\/h2>[vc_column_text el_class=\u00bblarge margin-top-10&#8243;]Si buscas calidad y no cantidad no pierdas el tiempo, este es tu sitio, con resultados desde la primera sesi\u00f3n. Encontramos el origen de tu dolor porque nosotros s\u00ed valoramos, diagnosticamos y seleccionamos una intervenci\u00f3n y seguimiento \u00fanicos adaptados a tu situaci\u00f3n personal.<\/p>\n<p>Somos pioneros en un sistema de recuperaci\u00f3n y restablecimiento exclusivo denominado REMAFIBC &#8211; Resecci\u00f3n Manual Fibroconectiva.<\/p>\n<p>Tenemos verdadera vocaci\u00f3n por este trabajo y nos encanta lo que hacemos y por ello resolvemos todas tus dudas con el coraz\u00f3n en las manos, nunca mejor dicho. Siente la tranquilidad que da un profesional que te garantiza como vas a evolucionar eliminando tus miedos.<\/p>\n<p>Evitamos multitud de operaciones anualmente que son recuperadas con nuestro m\u00e9todo de trabajo y lo que se cre\u00eda irrecuperable se vuelve reversible.[\/vc_column_text][vc_button title=\u00bbV\u00cdDEO\u00bb size=\u00bblarge\u00bb target=\u00bb_blank\u00bb style=\u00bbdark-color\u00bb top_margin=\u00bbpage-margin-top\u00bb href=\u00bbhttps:\/\/youtu.be\/P2Rg_QfYjbo\u00bb][\/vc_column_inner][\/vc_row_inner][\/vc_column][vc_column width=\u00bb1\/2&#8243; css=\u00bb.vc_custom_1620379398706{background-image: url(http:\/\/quanticalabs.com\/wptest\/medicenter-new\/files\/2018\/10\/placeholder.jpg) !important;background-position: center !important;background-repeat: no-repeat !important;background-size: cover !important;}\u00bb][vc_single_image image=\u00bb5216&#8243; img_size=\u00bblarge-thumb\u00bb el_class=\u00bbflex-hide\u00bb]<a href=\"https:\/\/youtu.be\/P2Rg_QfYjbo\" class=\"icon-single hexagon fancybox\"><span class=\"features-play\"><\/span><\/a>[\/vc_column][\/vc_row][vc_row el_class=\u00bbmargin-top-92&#8243;][vc_column]<h2 class=\"box-header large align-center\">\u00bfTE AYUDAMOS?<\/h2>[\/vc_column][\/vc_row][vc_row top_margin=\u00bbpage-margin-top-section\u00bb el_class=\u00bbflex-box\u00bb][vc_column width=\u00bb1\/3&#8243;]<div class=\"info-box features-email animated-element animation-fadeIn duration-500\"><h3>Contacto<\/h3><p>Ll\u00e1manos o rellena el formulario y nos pondremos en contacto contigo para calendarizar una cita.<\/p><\/div><div class=\"arrow-container animated-element animation-slideRight duration-800 delay-150\"><span class=\"arrow template-arrow-horizontal-4-after arrow-light\"><\/span><\/div>[\/vc_column][vc_column width=\u00bb1\/3&#8243;]<div class=\"info-box features-time animated-element animation-slideRight duration-800 delay-600\"><h3>Valoraci\u00f3n<\/h3><p>Acude a nuestro centro en el lugar y hora prevista, nosotros nos encargamos del resto.<\/p><\/div><div class=\"arrow-container animated-element animation-slideRight duration-800 delay-1050\"><span class=\"arrow template-arrow-horizontal-4-after arrow-dark\"><\/span><\/div>[\/vc_column][vc_column width=\u00bb1\/3&#8243;]<div class=\"info-box features-medical-staff animated-element animation-slideRight duration-800 delay-1500\"><h3>Tratamiento<\/h3><p><em>Durante el tratamiento, el paciente no percibir\u00e1 dolor y el terapeuta se adaptar\u00e1 en todo momento al paciente.<\/em><\/p><\/div>[\/vc_column][\/vc_row][vc_row type=\u00bbfull-width\u00bb top_margin=\u00bbpage-margin-top-section-vlarge\u00bb el_class=\u00bbflex-box\u00bb][vc_column width=\u00bb1\/2&#8243; css=\u00bb.vc_custom_1616083220291{background-color: #ffffff !important;background-position: 0 0 !important;background-repeat: no-repeat !important;}\u00bb el_class=\u00bbpadding-top-200 padding-bottom-100&#8243;]<ul class=\"columns full-width horizontal-carousel testimonials testimonials id-testimonials autoplay-0 pause_on_hover-1 scroll-1 effect-scroll easing-swing duration-500 testimonials-full-width testimonials-bottom-controls grey\"><li class=\"wpb_column vc_column_container vc_col-sm-12 template-quote-2\">\n\t\t\t\t<h3 class=\"sentence\">Trato excelente. He ido para recuperarme de una lesi\u00f3n y destaco su profesionalidad<\/h3>\n\t\t\t\t<div class=\"clearfix\"><span class=\"sentence-author\">\u00c1lvaro Santos del Olmo<\/span><\/div>\n\t\t\t<\/li><li class=\"wpb_column vc_column_container vc_col-sm-12 template-quote-2\">\n\t\t\t\t<h3 class=\"sentence\">Remfibc es profesionalidad, excelencia y tratamientos indoloros. Nunca pens\u00e9 que me iba a recuperar tan r\u00e1pido,<\/h3>\n\t\t\t\t<div class=\"clearfix\"><span class=\"sentence-author\">Susana Gij\u00f3n L\u00f3pez<\/span><\/div>\n\t\t\t<\/li><li class=\"wpb_column vc_column_container vc_col-sm-12 template-quote-2\">\n\t\t\t\t<h3 class=\"sentence\">Te dedican todo el tiempo que necesitas, las sesiones no tienen horas concretas, dependen de tratamiento,<\/h3>\n\t\t\t\t<div class=\"clearfix\"><span class=\"sentence-author\">\u00c1lvaro Diezma<\/span><\/div>\n\t\t\t<\/li><\/ul><ul class=\"clearfix scrolling-controls page-margin-top-section\">\n\t\t\t<li><a href=\"#\" id=\"testimonials_prev\" class=\"scrolling-list-control-left template-arrow-horizontal-3\"><\/a><\/li>\n\t\t\t<li><a href=\"#\" id=\"testimonials_next\" class=\"scrolling-list-control-right template-arrow-horizontal-3\"><\/a><\/li>\n\t\t<\/ul>[\/vc_column][vc_column width=\u00bb1\/2&#8243; css=\u00bb.vc_custom_1620380081183{background-image: url(http:\/\/quanticalabs.com\/wptest\/medicenter-new\/files\/2018\/10\/placeholder.jpg) !important;background-position: center !important;background-repeat: no-repeat !important;background-size: cover !important;}\u00bb][vc_single_image image=\u00bb5592&#8243; img_size=\u00bbfull\u00bb][\/vc_column][\/vc_row][vc_row type=\u00bbfull-width\u00bb top_margin=\u00bbpage-margin-top-section-vlarge\u00bb el_class=\u00bbflex-box\u00bb css=\u00bb.vc_custom_1620391921649{background-color: #ffffff !important;}\u00bb][vc_column width=\u00bb1\/2&#8243; el_class=\u00bbpadding-bottom-100 column-limited\u00bb][vc_row_inner el_class=\u00bbpadding-right-100&#8243;][vc_column_inner]<h3 class=\"box-header margin-top-92\">Detalles de contacto<\/h3><h2 class=\"box-header large margin-top-30 no-border\">Centro de fisioterapia Remafibc<\/h2>[\/vc_column_inner][\/vc_row_inner][vc_row_inner el_class=\u00bbpadding-right-100 margin-top-15&#8243;][vc_column_inner width=\u00bb1\/2&#8243;][vc_column_text el_class=\u00bblarge\u00bb]28043, Madrid<br \/>\nC. de Asura, 41, A, local 2<br \/>\ninfo@remafibc.com[\/vc_column_text][\/vc_column_inner][vc_column_inner width=\u00bb1\/2&#8243;][vc_column_text el_class=\u00bblarge\u00bb]Horas de consulta<br \/>\nMa\u00f1anas: 08:00 am &#8211; 14:00 pm<br \/>\nTardes: : 16:00 pm &#8211; 20:00 pm[\/vc_column_text][\/vc_column_inner][\/vc_row_inner][vc_row_inner el_class=\u00bbmargin-top-20&#8243;][vc_column_inner]<h2 class=\"box-header no-border\">Tel\u00e9fono de contacto<\/h2><h2 class=\"box-header no-border\">617507160<\/h2>[vc_column_text el_class=\u00bblarge margin-top-10&#8243;]Si lo prefieres, puedes rellenar el siguiente formulario.[\/vc_column_text][vc_button title=\u00bbFORMULARIO DE CONTACTO\u00bb size=\u00bblarge\u00bb icon=\u00bbtemplate-arrow-horizontal-1-after\u00bb style=\u00bblight-color\u00bb href=\u00bbhttps:\/\/remafibc.com\/?page_id=3817&#8243; el_class=\u00bbmargin-top-20&#8243;][\/vc_column_inner][\/vc_row_inner][\/vc_column][vc_column width=\u00bb1\/2&#8243;]<div id='map' style='width:100%;height:695px;'><\/div>[\/vc_column][\/vc_row]<\/p>\n","protected":false},"excerpt":{"rendered":"<p>[vc_row type=\u00bbfull-width\u00bb][vc_column][rev_slider_vc alias=\u00bbhome-ophthalmologist\u00bb mc_navigation=\u00bb0&#8243;][\/vc_column][\/vc_row][vc_row type=\u00bbfull-width\u00bb css=\u00bb.vc_custom_1615388265937{background-color: #f0f0f0 !important;}\u00bb el_class=\u00bbpadding-top-63 padding-bottom-63&#8243;][vc_column][vc_row_inner][vc_column_inner width=\u00bb1\/3&#8243;][\/vc_column_inner][vc_column_inner width=\u00bb1\/3&#8243;][\/vc_column_inner][vc_column_inner width=\u00bb1\/3&#8243;][\/vc_column_inner][\/vc_row_inner][\/vc_column][\/vc_row][vc_row el_class=\u00bbpadding-top-100 padding-bottom-100&#8243;][vc_column width=\u00bb1\/2&#8243;][vc_single_image image=\u00bb5215&#8243; img_size=\u00bbfull\u00bb el_class=\u00bbpage-margin-top-section\u00bb][\/vc_column][vc_column width=\u00bb1\/2&#8243;][vc_single_image image=\u00bb5590&#8243; img_size=\u00bb320&#215;200&#8243; el_class=\u00bbside-image page-margin-top\u00bb][vc_single_image image=\u00bb5588&#8243; img_size=\u00bbmedium\u00bb alignment=\u00bbright\u00bb][vc_column_text el_class=\u00bblarge margin-top-100&#8243;]Somos un centro especializado en la recuperaci\u00f3n y rehabilitaci\u00f3n de lesiones y diversas patolog\u00edas a trav\u00e9s de una fisioterapia mucho m\u00e1s efectiva y vanguardista la Resecci\u00f3n Manual<\/p>\n","protected":false},"author":1,"featured_media":0,"parent":0,"menu_order":0,"comment_status":"closed","ping_status":"closed","template":"template-default-without-breadcrumbs.php","meta":{"_joinchat":[],"footnotes":""},"class_list":["post-3979","page","type-page","status-publish","hentry"],"yoast_head":"<!-- This site is optimized with the Yoast SEO plugin v27.6 - https:\/\/yoast.com\/product\/yoast-seo-wordpress\/ -->\n<title>INICIO - Remafibc<\/title>\n<meta name=\"description\" content=\"Somos un centro especializado en la recuperaci\u00f3n y rehabilitaci\u00f3n de lesiones y diversas patolog\u00edas a trav\u00e9s de una fisioterapia efectiva.\" \/>\n<meta name=\"robots\" content=\"index, follow, max-snippet:-1, max-image-preview:large, max-video-preview:-1\" \/>\n<link rel=\"canonical\" href=\"https:\/\/remafibc.com\/\" \/>\n<meta property=\"og:locale\" content=\"es_ES\" \/>\n<meta property=\"og:type\" content=\"article\" \/>\n<meta property=\"og:title\" content=\"INICIO - Remafibc\" \/>\n<meta property=\"og:description\" content=\"Somos un centro especializado en la recuperaci\u00f3n y rehabilitaci\u00f3n de lesiones y diversas patolog\u00edas a trav\u00e9s de una fisioterapia efectiva.\" \/>\n<meta property=\"og:url\" content=\"https:\/\/remafibc.com\/\" \/>\n<meta property=\"og:site_name\" content=\"Remafibc\" \/>\n<meta property=\"article:modified_time\" content=\"2024-10-22T08:29:33+00:00\" \/>\n<meta name=\"twitter:card\" content=\"summary_large_image\" \/>\n<meta name=\"twitter:label1\" content=\"Tiempo de lectura\" \/>\n\t<meta name=\"twitter:data1\" content=\"4 minutos\" \/>\n<script type=\"application\/ld+json\" class=\"yoast-schema-graph\">{\"@context\":\"https:\\\/\\\/schema.org\",\"@graph\":[{\"@type\":\"WebPage\",\"@id\":\"https:\\\/\\\/remafibc.com\\\/\",\"url\":\"https:\\\/\\\/remafibc.com\\\/\",\"name\":\"INICIO - Remafibc\",\"isPartOf\":{\"@id\":\"https:\\\/\\\/remafibc.com\\\/#website\"},\"datePublished\":\"2021-05-07T08:38:30+00:00\",\"dateModified\":\"2024-10-22T08:29:33+00:00\",\"description\":\"Somos un centro especializado en la recuperaci\u00f3n y rehabilitaci\u00f3n de lesiones y diversas patolog\u00edas a trav\u00e9s de una fisioterapia efectiva.\",\"breadcrumb\":{\"@id\":\"https:\\\/\\\/remafibc.com\\\/#breadcrumb\"},\"inLanguage\":\"es\",\"potentialAction\":[{\"@type\":\"ReadAction\",\"target\":[\"https:\\\/\\\/remafibc.com\\\/\"]}]},{\"@type\":\"BreadcrumbList\",\"@id\":\"https:\\\/\\\/remafibc.com\\\/#breadcrumb\",\"itemListElement\":[{\"@type\":\"ListItem\",\"position\":1,\"name\":\"Portada\",\"item\":\"https:\\\/\\\/remafibc.com\\\/\"},{\"@type\":\"ListItem\",\"position\":2,\"name\":\"INICIO\"}]},{\"@type\":\"WebSite\",\"@id\":\"https:\\\/\\\/remafibc.com\\\/#website\",\"url\":\"https:\\\/\\\/remafibc.com\\\/\",\"name\":\"Remafibc\",\"description\":\"Tu fisioterapeuta en Madrid\",\"publisher\":{\"@id\":\"https:\\\/\\\/remafibc.com\\\/#organization\"},\"potentialAction\":[{\"@type\":\"SearchAction\",\"target\":{\"@type\":\"EntryPoint\",\"urlTemplate\":\"https:\\\/\\\/remafibc.com\\\/?s={search_term_string}\"},\"query-input\":{\"@type\":\"PropertyValueSpecification\",\"valueRequired\":true,\"valueName\":\"search_term_string\"}}],\"inLanguage\":\"es\"},{\"@type\":\"Organization\",\"@id\":\"https:\\\/\\\/remafibc.com\\\/#organization\",\"name\":\"Remafibc\",\"url\":\"https:\\\/\\\/remafibc.com\\\/\",\"logo\":{\"@type\":\"ImageObject\",\"inLanguage\":\"es\",\"@id\":\"https:\\\/\\\/remafibc.com\\\/#\\\/schema\\\/logo\\\/image\\\/\",\"url\":\"https:\\\/\\\/remafibc.com\\\/wp-content\\\/uploads\\\/2022\\\/07\\\/LOGO_REMAFIBC_WEB_SINR_Mesa-de-trabajo-1.png\",\"contentUrl\":\"https:\\\/\\\/remafibc.com\\\/wp-content\\\/uploads\\\/2022\\\/07\\\/LOGO_REMAFIBC_WEB_SINR_Mesa-de-trabajo-1.png\",\"width\":2922,\"height\":726,\"caption\":\"Remafibc\"},\"image\":{\"@id\":\"https:\\\/\\\/remafibc.com\\\/#\\\/schema\\\/logo\\\/image\\\/\"},\"sameAs\":[\"https:\\\/\\\/www.instagram.com\\\/remafibc\\\/\"]}]}<\/script>\n<!-- \/ Yoast SEO plugin. -->","yoast_head_json":{"title":"INICIO - Remafibc","description":"Somos un centro especializado en la recuperaci\u00f3n y rehabilitaci\u00f3n de lesiones y diversas patolog\u00edas a trav\u00e9s de una fisioterapia efectiva.","robots":{"index":"index","follow":"follow","max-snippet":"max-snippet:-1","max-image-preview":"max-image-preview:large","max-video-preview":"max-video-preview:-1"},"canonical":"https:\/\/remafibc.com\/","og_locale":"es_ES","og_type":"article","og_title":"INICIO - Remafibc","og_description":"Somos un centro especializado en la recuperaci\u00f3n y rehabilitaci\u00f3n de lesiones y diversas patolog\u00edas a trav\u00e9s de una fisioterapia efectiva.","og_url":"https:\/\/remafibc.com\/","og_site_name":"Remafibc","article_modified_time":"2024-10-22T08:29:33+00:00","twitter_card":"summary_large_image","twitter_misc":{"Tiempo de lectura":"4 minutos"},"schema":{"@context":"https:\/\/schema.org","@graph":[{"@type":"WebPage","@id":"https:\/\/remafibc.com\/","url":"https:\/\/remafibc.com\/","name":"INICIO - Remafibc","isPartOf":{"@id":"https:\/\/remafibc.com\/#website"},"datePublished":"2021-05-07T08:38:30+00:00","dateModified":"2024-10-22T08:29:33+00:00","description":"Somos un centro especializado en la recuperaci\u00f3n y rehabilitaci\u00f3n de lesiones y diversas patolog\u00edas a trav\u00e9s de una fisioterapia efectiva.","breadcrumb":{"@id":"https:\/\/remafibc.com\/#breadcrumb"},"inLanguage":"es","potentialAction":[{"@type":"ReadAction","target":["https:\/\/remafibc.com\/"]}]},{"@type":"BreadcrumbList","@id":"https:\/\/remafibc.com\/#breadcrumb","itemListElement":[{"@type":"ListItem","position":1,"name":"Portada","item":"https:\/\/remafibc.com\/"},{"@type":"ListItem","position":2,"name":"INICIO"}]},{"@type":"WebSite","@id":"https:\/\/remafibc.com\/#website","url":"https:\/\/remafibc.com\/","name":"Remafibc","description":"Tu fisioterapeuta en Madrid","publisher":{"@id":"https:\/\/remafibc.com\/#organization"},"potentialAction":[{"@type":"SearchAction","target":{"@type":"EntryPoint","urlTemplate":"https:\/\/remafibc.com\/?s={search_term_string}"},"query-input":{"@type":"PropertyValueSpecification","valueRequired":true,"valueName":"search_term_string"}}],"inLanguage":"es"},{"@type":"Organization","@id":"https:\/\/remafibc.com\/#organization","name":"Remafibc","url":"https:\/\/remafibc.com\/","logo":{"@type":"ImageObject","inLanguage":"es","@id":"https:\/\/remafibc.com\/#\/schema\/logo\/image\/","url":"https:\/\/remafibc.com\/wp-content\/uploads\/2022\/07\/LOGO_REMAFIBC_WEB_SINR_Mesa-de-trabajo-1.png","contentUrl":"https:\/\/remafibc.com\/wp-content\/uploads\/2022\/07\/LOGO_REMAFIBC_WEB_SINR_Mesa-de-trabajo-1.png","width":2922,"height":726,"caption":"Remafibc"},"image":{"@id":"https:\/\/remafibc.com\/#\/schema\/logo\/image\/"},"sameAs":["https:\/\/www.instagram.com\/remafibc\/"]}]}},"_links":{"self":[{"href":"https:\/\/remafibc.com\/index.php?rest_route=\/wp\/v2\/pages\/3979","targetHints":{"allow":["GET"]}}],"collection":[{"href":"https:\/\/remafibc.com\/index.php?rest_route=\/wp\/v2\/pages"}],"about":[{"href":"https:\/\/remafibc.com\/index.php?rest_route=\/wp\/v2\/types\/page"}],"author":[{"embeddable":true,"href":"https:\/\/remafibc.com\/index.php?rest_route=\/wp\/v2\/users\/1"}],"replies":[{"embeddable":true,"href":"https:\/\/remafibc.com\/index.php?rest_route=%2Fwp%2Fv2%2Fcomments&post=3979"}],"version-history":[{"count":105,"href":"https:\/\/remafibc.com\/index.php?rest_route=\/wp\/v2\/pages\/3979\/revisions"}],"predecessor-version":[{"id":5749,"href":"https:\/\/remafibc.com\/index.php?rest_route=\/wp\/v2\/pages\/3979\/revisions\/5749"}],"wp:attachment":[{"href":"https:\/\/remafibc.com\/index.php?rest_route=%2Fwp%2Fv2%2Fmedia&parent=3979"}],"curies":[{"name":"wp","href":"https:\/\/api.w.org\/{rel}","templated":true}]}}