{"id":3817,"date":"2018-10-25T12:40:12","date_gmt":"2018-10-25T12:40:12","guid":{"rendered":"http:\/\/quanticalabs.com\/wptest\/medicenter-new\/?page_id=3817"},"modified":"2023-08-31T11:45:53","modified_gmt":"2023-08-31T11:45:53","slug":"contacto","status":"publish","type":"page","link":"https:\/\/remafibc.com\/?page_id=3817","title":{"rendered":"Contacto"},"content":{"rendered":"<p>[vc_row type=\u00bbfull-width\u00bb el_position=\u00bbfirst\u00bb][vc_column]<div id='map' style='width:100%;height:460px;'><\/div>[\/vc_column][\/vc_row][vc_row top_margin=\u00bbpage-margin-top-section\u00bb][vc_column width=\u00bb1\/3&#8243;]<h2 class=\"box-header large no-border\">Fisioterapia Remafibc<\/h2>[\/vc_column][vc_column width=\u00bb1\/3&#8243;]<ul class=\"clearfix mc-features mc-features-small mc-features-style-default\"><li class=\"item-content clearfix\">\r\n\t\t\t\t<span class=\"hexagon small animated-element animation-scale\"  title=\"Direcci\u00f3n\"><span class=\"features-map\"><\/span><\/span><div class=\"text\"><h2><span   title=\"Direcci\u00f3n\">Direcci\u00f3n<\/span><\/h2><p>C. de Asura, 41, A, local 2.<br \/>\n28043 Madrid.<\/p>\n<\/div>\r\n\t\t\t<\/li><\/ul><ul class=\"clearfix mc-features mc-features-small mc-features-style-default page-margin-top\"><li class=\"item-content clearfix\">\r\n\t\t\t\t<span class=\"hexagon small animated-element animation-scale\"  title=\"Horario de Atenci\u00f3n\"><span class=\"features-clock\"><\/span><\/span><div class=\"text\"><h2><span   title=\"Horario de Atenci\u00f3n\">Horario de Atenci\u00f3n<\/span><\/h2><p>De lunes a viernes:<br \/>\nde 10.00 &#8211; 14.00 y de 16.00 &#8211; 20.00<\/p>\n<\/div>\r\n\t\t\t<\/li><\/ul>[\/vc_column][vc_column width=\u00bb1\/3&#8243;]<ul class=\"clearfix mc-features mc-features-small mc-features-style-default page-margin-top\"><li class=\"item-content clearfix\">\r\n\t\t\t\t<span class=\"hexagon small animated-element animation-scale\"  title=\"Email\"><span class=\"features-email\"><\/span><\/span><div class=\"text\"><h2><span   title=\"Email\">Email<\/span><\/h2><p><a href='mailto:info@remafibc.com'>info@remafibc.com<\/a><\/p>\n<\/div>\r\n\t\t\t<\/li><\/ul><ul class=\"clearfix mc-features mc-features-small mc-features-style-default page-margin-top\"><li class=\"item-content clearfix\">\r\n\t\t\t\t<span class=\"hexagon small animated-element animation-scale\"  title=\"Tel\u00e9fono\"><span class=\"features-phone\"><\/span><\/span><div class=\"text\"><h2><span   title=\"Tel\u00e9fono\">Tel\u00e9fono<\/span><\/h2><p><a href=tel:617507160>617 507 160<\/a><\/p>\n<\/div>\r\n\t\t\t<\/li><\/ul>[\/vc_column][\/vc_row][vc_row top_margin=\u00bbpage-margin-top\u00bb el_position=\u00bblast\u00bb css=\u00bb.vc_custom_1540298553080{border-top-width: 1px !important;border-top-color: #e5e5e5 !important;border-top-style: solid !important;}\u00bb][vc_column][vc_column_text css_animation=\u00bbleft-to-right\u00bb el_class=\u00bblarge align-center page-margin-top\u00bb]<\/p>\n<h1><strong>Cont\u00e1ctanos<\/strong><\/h1>\n<p>[\/vc_column_text]<form class=\"contact-form \" id=\"contact_form\" method=\"post\" action=\"\"><div class=\"vc_row wpb_row vc_inner\">\n\t\t\t<fieldset class=\"vc_col-sm-6 wpb_column vc_column_container\"><label>NOMBRE<\/label>\n\t\t\t\t<div class=\"block\">\n\t\t\t\t\t<input class=\"text_input\" name=\"first_name\" type=\"text\" value=\"\" tabindex=\"1\" data-required=\"1\">\n\t\t\t\t<\/div><label>M\u00d3VIL (OPCIONAL)<\/label>\n\t\t\t\t<div class=\"block\">\n\t\t\t\t\t<input class=\"text_input\" name=\"phone_number\" type=\"text\" value=\"\" tabindex=\"5\">\n\t\t\t\t<\/div><\/fieldset>\n\t\t\t<fieldset class=\"vc_col-sm-6 wpb_column vc_column_container\"><label>APELLIDO<\/label>\n\t\t\t\t<div class=\"block\">\n\t\t\t\t\t<input class=\"text_input\" name=\"last_name\" type=\"text\" value=\"\" tabindex=\"2\" data-required=\"1\">\n\t\t\t\t<\/div><label>EMAIL<\/label>\n\t\t\t\t<div class=\"block\">\n\t\t\t\t\t<input class=\"text_input\" name=\"email\" type=\"text\" value=\"\" tabindex=\"6\" data-required=\"1\">\n\t\t\t\t<\/div><\/fieldset>\n\t\t<\/div><div class=\"vc_row wpb_row vc_inner\">\n\t\t\t<fieldset>\n\t\t\t\t<label>DEJA TU MENSAJE<\/label>\n\t\t\t\t<div class=\"block\">\n\t\t\t\t\t<textarea name=\"message\" tabindex=\"7\" data-required=\"1\"><\/textarea>\n\t\t\t\t<\/div>\n\t\t\t<\/fieldset>\n\t\t<\/div><div class=\"vc_row wpb_row vc_inner submit-container margin-top-30\"><input type=\"hidden\" name=\"action\" value=\"theme_contact_form\" \/>\n\t\t\t\t<input type=\"hidden\" name=\"id\" value=\"contact_form\" \/><div class=\"terms-container block\">\n\t\t\t\t\t<input type=\"checkbox\" name=\"terms\" id=\"contact_formterms\" value=\"1\"><label for=\"contact_formterms\">En cumplimiento de lo dispuesto en el Reglamento UE 2016\/679 de Protecci\u00f3n de Datos y dem\u00e1s normativa vigente en materia de Protecci\u00f3n de Datos de Car\u00e1cter Personal le informamos de que sus datos ser\u00e1n tratados por Jose Mar\u00eda Sienes P\u00e1rraga (NIF 05208304T Direcci\u00f3n: C\/ Ulises 21, 28043 Madrid) con la finalidad de atender su petici\u00f3n. La base jur\u00eddica para el tratamiento de los datos es el consentimiento que presta al rellenar este formulario. Los datos se conservar\u00e1n mientras no se solicite su supresi\u00f3n. No se prev\u00e9n cesiones ni transferencias internacionales de los mismos.\n\nPodr\u00e1 ejercitar sus derechos de acceso, rectificaci\u00f3n, supresi\u00f3n, portabilidad y la limitaci\u00f3n u oposici\u00f3n mediante el env\u00edo de un correo electr\u00f3nico a la siguiente direcci\u00f3n: privacidad@remafibc.com. Asimismo, podr\u00e1 en cualquier momento retirar el consentimiento prestado dirigi\u00e9ndose a la direcci\u00f3n arriba indicada, as\u00ed como reclamar tiene derecho a reclamar ante la Autoridad de Control (Agencia Espa\u00f1ola de Protecci\u00f3n de Datos: www.aepd.es)<\/label>\n\t\t\t\t<\/div><div class=\"vc_row wpb_row vc_inner\">\n\t\t\t\t<input type=\"submit\" name=\"submit\" value=\"ENVIAR\" class=\"more mc-button\" \/>\n\t\t\t<\/div><\/div>\n\t<\/form>[\/vc_column][\/vc_row]<\/p>\n","protected":false},"excerpt":{"rendered":"<p>[vc_row type=\u00bbfull-width\u00bb el_position=\u00bbfirst\u00bb][vc_column][\/vc_column][\/vc_row][vc_row top_margin=\u00bbpage-margin-top-section\u00bb][vc_column width=\u00bb1\/3&#8243;][\/vc_column][vc_column width=\u00bb1\/3&#8243;][\/vc_column][vc_column width=\u00bb1\/3&#8243;][\/vc_column][\/vc_row][vc_row top_margin=\u00bbpage-margin-top\u00bb el_position=\u00bblast\u00bb css=\u00bb.vc_custom_1540298553080{border-top-width: 1px !important;border-top-color: #e5e5e5 !important;border-top-style: solid !important;}\u00bb][vc_column][vc_column_text css_animation=\u00bbleft-to-right\u00bb el_class=\u00bblarge align-center page-margin-top\u00bb] Cont\u00e1ctanos [\/vc_column_text][\/vc_column][\/vc_row]<\/p>\n","protected":false},"author":1,"featured_media":0,"parent":0,"menu_order":0,"comment_status":"closed","ping_status":"closed","template":"template-default-without-breadcrumbs.php","meta":{"_joinchat":[],"footnotes":""},"class_list":["post-3817","page","type-page","status-publish","hentry"],"yoast_head":"<!-- This site is optimized with the Yoast SEO plugin v27.6 - https:\/\/yoast.com\/product\/yoast-seo-wordpress\/ -->\n<title>Contacto - Remafibc<\/title>\n<meta name=\"description\" content=\"A trav\u00e9s de este formulario puedes contactar con nosotros para obtener informaci\u00f3n o calendarizar una cita.\" \/>\n<meta name=\"robots\" content=\"index, follow, max-snippet:-1, max-image-preview:large, max-video-preview:-1\" \/>\n<link rel=\"canonical\" href=\"https:\/\/remafibc.com\/?page_id=3817\" \/>\n<meta property=\"og:locale\" content=\"es_ES\" \/>\n<meta property=\"og:type\" content=\"article\" \/>\n<meta property=\"og:title\" content=\"Contacto - Remafibc\" \/>\n<meta property=\"og:description\" content=\"A trav\u00e9s de este formulario puedes contactar con nosotros para obtener informaci\u00f3n o calendarizar una cita.\" \/>\n<meta property=\"og:url\" content=\"https:\/\/remafibc.com\/?page_id=3817\" \/>\n<meta property=\"og:site_name\" content=\"Remafibc\" \/>\n<meta property=\"article:modified_time\" content=\"2023-08-31T11:45:53+00:00\" \/>\n<meta name=\"twitter:card\" content=\"summary_large_image\" \/>\n<meta name=\"twitter:label1\" content=\"Tiempo de lectura\" \/>\n\t<meta name=\"twitter:data1\" content=\"1 minuto\" \/>\n<script type=\"application\/ld+json\" class=\"yoast-schema-graph\">{\"@context\":\"https:\\\/\\\/schema.org\",\"@graph\":[{\"@type\":\"WebPage\",\"@id\":\"https:\\\/\\\/remafibc.com\\\/?page_id=3817\",\"url\":\"https:\\\/\\\/remafibc.com\\\/?page_id=3817\",\"name\":\"Contacto - Remafibc\",\"isPartOf\":{\"@id\":\"https:\\\/\\\/remafibc.com\\\/#website\"},\"datePublished\":\"2018-10-25T12:40:12+00:00\",\"dateModified\":\"2023-08-31T11:45:53+00:00\",\"description\":\"A trav\u00e9s de este formulario puedes contactar con nosotros para obtener informaci\u00f3n o calendarizar una cita.\",\"breadcrumb\":{\"@id\":\"https:\\\/\\\/remafibc.com\\\/?page_id=3817#breadcrumb\"},\"inLanguage\":\"es\",\"potentialAction\":[{\"@type\":\"ReadAction\",\"target\":[\"https:\\\/\\\/remafibc.com\\\/?page_id=3817\"]}]},{\"@type\":\"BreadcrumbList\",\"@id\":\"https:\\\/\\\/remafibc.com\\\/?page_id=3817#breadcrumb\",\"itemListElement\":[{\"@type\":\"ListItem\",\"position\":1,\"name\":\"Portada\",\"item\":\"https:\\\/\\\/remafibc.com\\\/\"},{\"@type\":\"ListItem\",\"position\":2,\"name\":\"Contacto\"}]},{\"@type\":\"WebSite\",\"@id\":\"https:\\\/\\\/remafibc.com\\\/#website\",\"url\":\"https:\\\/\\\/remafibc.com\\\/\",\"name\":\"Remafibc\",\"description\":\"Tu fisioterapeuta en Madrid\",\"publisher\":{\"@id\":\"https:\\\/\\\/remafibc.com\\\/#organization\"},\"potentialAction\":[{\"@type\":\"SearchAction\",\"target\":{\"@type\":\"EntryPoint\",\"urlTemplate\":\"https:\\\/\\\/remafibc.com\\\/?s={search_term_string}\"},\"query-input\":{\"@type\":\"PropertyValueSpecification\",\"valueRequired\":true,\"valueName\":\"search_term_string\"}}],\"inLanguage\":\"es\"},{\"@type\":\"Organization\",\"@id\":\"https:\\\/\\\/remafibc.com\\\/#organization\",\"name\":\"Remafibc\",\"url\":\"https:\\\/\\\/remafibc.com\\\/\",\"logo\":{\"@type\":\"ImageObject\",\"inLanguage\":\"es\",\"@id\":\"https:\\\/\\\/remafibc.com\\\/#\\\/schema\\\/logo\\\/image\\\/\",\"url\":\"https:\\\/\\\/remafibc.com\\\/wp-content\\\/uploads\\\/2022\\\/07\\\/LOGO_REMAFIBC_WEB_SINR_Mesa-de-trabajo-1.png\",\"contentUrl\":\"https:\\\/\\\/remafibc.com\\\/wp-content\\\/uploads\\\/2022\\\/07\\\/LOGO_REMAFIBC_WEB_SINR_Mesa-de-trabajo-1.png\",\"width\":2922,\"height\":726,\"caption\":\"Remafibc\"},\"image\":{\"@id\":\"https:\\\/\\\/remafibc.com\\\/#\\\/schema\\\/logo\\\/image\\\/\"},\"sameAs\":[\"https:\\\/\\\/www.instagram.com\\\/remafibc\\\/\"]}]}<\/script>\n<!-- \/ Yoast SEO plugin. -->","yoast_head_json":{"title":"Contacto - Remafibc","description":"A trav\u00e9s de este formulario puedes contactar con nosotros para obtener informaci\u00f3n o calendarizar una cita.","robots":{"index":"index","follow":"follow","max-snippet":"max-snippet:-1","max-image-preview":"max-image-preview:large","max-video-preview":"max-video-preview:-1"},"canonical":"https:\/\/remafibc.com\/?page_id=3817","og_locale":"es_ES","og_type":"article","og_title":"Contacto - Remafibc","og_description":"A trav\u00e9s de este formulario puedes contactar con nosotros para obtener informaci\u00f3n o calendarizar una cita.","og_url":"https:\/\/remafibc.com\/?page_id=3817","og_site_name":"Remafibc","article_modified_time":"2023-08-31T11:45:53+00:00","twitter_card":"summary_large_image","twitter_misc":{"Tiempo de lectura":"1 minuto"},"schema":{"@context":"https:\/\/schema.org","@graph":[{"@type":"WebPage","@id":"https:\/\/remafibc.com\/?page_id=3817","url":"https:\/\/remafibc.com\/?page_id=3817","name":"Contacto - Remafibc","isPartOf":{"@id":"https:\/\/remafibc.com\/#website"},"datePublished":"2018-10-25T12:40:12+00:00","dateModified":"2023-08-31T11:45:53+00:00","description":"A trav\u00e9s de este formulario puedes contactar con nosotros para obtener informaci\u00f3n o calendarizar una cita.","breadcrumb":{"@id":"https:\/\/remafibc.com\/?page_id=3817#breadcrumb"},"inLanguage":"es","potentialAction":[{"@type":"ReadAction","target":["https:\/\/remafibc.com\/?page_id=3817"]}]},{"@type":"BreadcrumbList","@id":"https:\/\/remafibc.com\/?page_id=3817#breadcrumb","itemListElement":[{"@type":"ListItem","position":1,"name":"Portada","item":"https:\/\/remafibc.com\/"},{"@type":"ListItem","position":2,"name":"Contacto"}]},{"@type":"WebSite","@id":"https:\/\/remafibc.com\/#website","url":"https:\/\/remafibc.com\/","name":"Remafibc","description":"Tu fisioterapeuta en Madrid","publisher":{"@id":"https:\/\/remafibc.com\/#organization"},"potentialAction":[{"@type":"SearchAction","target":{"@type":"EntryPoint","urlTemplate":"https:\/\/remafibc.com\/?s={search_term_string}"},"query-input":{"@type":"PropertyValueSpecification","valueRequired":true,"valueName":"search_term_string"}}],"inLanguage":"es"},{"@type":"Organization","@id":"https:\/\/remafibc.com\/#organization","name":"Remafibc","url":"https:\/\/remafibc.com\/","logo":{"@type":"ImageObject","inLanguage":"es","@id":"https:\/\/remafibc.com\/#\/schema\/logo\/image\/","url":"https:\/\/remafibc.com\/wp-content\/uploads\/2022\/07\/LOGO_REMAFIBC_WEB_SINR_Mesa-de-trabajo-1.png","contentUrl":"https:\/\/remafibc.com\/wp-content\/uploads\/2022\/07\/LOGO_REMAFIBC_WEB_SINR_Mesa-de-trabajo-1.png","width":2922,"height":726,"caption":"Remafibc"},"image":{"@id":"https:\/\/remafibc.com\/#\/schema\/logo\/image\/"},"sameAs":["https:\/\/www.instagram.com\/remafibc\/"]}]}},"_links":{"self":[{"href":"https:\/\/remafibc.com\/index.php?rest_route=\/wp\/v2\/pages\/3817","targetHints":{"allow":["GET"]}}],"collection":[{"href":"https:\/\/remafibc.com\/index.php?rest_route=\/wp\/v2\/pages"}],"about":[{"href":"https:\/\/remafibc.com\/index.php?rest_route=\/wp\/v2\/types\/page"}],"author":[{"embeddable":true,"href":"https:\/\/remafibc.com\/index.php?rest_route=\/wp\/v2\/users\/1"}],"replies":[{"embeddable":true,"href":"https:\/\/remafibc.com\/index.php?rest_route=%2Fwp%2Fv2%2Fcomments&post=3817"}],"version-history":[{"count":26,"href":"https:\/\/remafibc.com\/index.php?rest_route=\/wp\/v2\/pages\/3817\/revisions"}],"predecessor-version":[{"id":5682,"href":"https:\/\/remafibc.com\/index.php?rest_route=\/wp\/v2\/pages\/3817\/revisions\/5682"}],"wp:attachment":[{"href":"https:\/\/remafibc.com\/index.php?rest_route=%2Fwp%2Fv2%2Fmedia&parent=3817"}],"curies":[{"name":"wp","href":"https:\/\/api.w.org\/{rel}","templated":true}]}}