{"id":3811,"date":"2018-10-25T12:36:29","date_gmt":"2018-10-25T12:36:29","guid":{"rendered":"http:\/\/quanticalabs.com\/wptest\/medicenter-new\/?page_id=3811"},"modified":"2023-08-31T11:41:01","modified_gmt":"2023-08-31T11:41:01","slug":"quienes-somos","status":"publish","type":"page","link":"https:\/\/remafibc.com\/?page_id=3811","title":{"rendered":"\u00bfQui\u00e9nes somos?"},"content":{"rendered":"<p>[vc_row type=\u00bbfull-width\u00bb el_class=\u00bbflex-box\u00bb css=\u00bb.vc_custom_1540285559272{background-color: #ffffff !important;}\u00bb][vc_column top_margin=\u00bbpage-margin-top-section\u00bb width=\u00bb1\/2&#8243; css=\u00bb.vc_custom_1662481084244{background: #ffffff url(http:\/\/quanticalabs.com\/wptest\/medicenter-new\/files\/2018\/10\/placeholder.jpg?id=3750) !important;background-position: center !important;background-repeat: no-repeat !important;background-size: cover !important;}\u00bb][vc_single_image image=\u00bb5586&#8243; img_size=\u00bbFULL\u00bb alignment=\u00bbright\u00bb css=\u00bb.vc_custom_1663587870587{background-color: #ffffff !important;}\u00bb][vc_empty_space][\/vc_column][vc_column width=\u00bb1\/2&#8243; el_class=\u00bbpadding-bottom-100 column-limited\u00bb][vc_row_inner el_class=\u00bbpadding-left-100&#8243;][vc_column_inner]<h3 class=\"box-header margin-top-92\">Director y Coordinador<\/h3><h2 class=\"box-header large margin-top-30 no-border\">Jos\u00e9 Mar\u00eda Sienes P\u00e1rraga<\/h2>[vc_column_text el_class=\u00bblarge margin-top-10&#8243;]Autor del libro: <a href=\"https:\/\/youtu.be\/IZIBcz6AFOk\">Tratado de Resecci\u00f3n Manual Fibroconectiva<\/a><\/p>\n<p>Nuestra marca es garant\u00eda de los mejores resultados. Los pacientes necesitan un fisioterapeuta con vocaci\u00f3n, y yo si pudiera elegir el trabajo de mis sue\u00f1os, ser\u00eda este.[\/vc_column_text][vc_btn title=\u00bbEXPERIENCIA\u00bb color=\u00bbinverse\u00bb i_icon_fontawesome=\u00bbfar fa-file-alt\u00bb add_icon=\u00bbtrue\u00bb link=\u00bburl:https%3A%2F%2Fremafibc.com%2F%3Fdoctors%3Djosemariasienes\u00bb][\/vc_column_inner][\/vc_row_inner][\/vc_column][\/vc_row][vc_row type=\u00bbfull-width\u00bb el_class=\u00bbflex-box\u00bb css=\u00bb.vc_custom_1662716013601{background-color: #ffffff !important;background-position: center !important;background-repeat: no-repeat !important;background-size: cover !important;}\u00bb][vc_column top_margin=\u00bbpage-margin-top-section\u00bb width=\u00bb1\/2&#8243; css=\u00bb.vc_custom_1662715938337{background: #ffffff url(http:\/\/quanticalabs.com\/wptest\/medicenter-new\/files\/2018\/10\/placeholder.jpg?id=3750) !important;}\u00bb][vc_single_image image=\u00bb5559&#8243; img_size=\u00bbFULL\u00bb alignment=\u00bbright\u00bb css=\u00bb.vc_custom_1663258234497{background-color: #ffffff !important;}\u00bb][\/vc_column][vc_column width=\u00bb1\/2&#8243; el_class=\u00bbpadding-bottom-100 column-limited\u00bb][vc_row_inner el_class=\u00bbpadding-left-100&#8243;][vc_column_inner]<h3 class=\"box-header margin-top-92\">Personal Trainer<\/h3><h2 class=\"box-header large margin-top-30 no-border\">Mar\u00eda del Mar de Bock J\u00f3dar<\/h2>[vc_column_text el_class=\u00bblarge margin-top-10&#8243;]Experta en Desarrollo Postural y Movimiento[\/vc_column_text][\/vc_column_inner][\/vc_row_inner][\/vc_column][\/vc_row][vc_row top_margin=\u00bbpage-margin-top-section\u00bb][vc_column width=\u00bb1\/2&#8243; el_class=\u00bbpadding-right-30&#8243; offset=\u00bbvc_hidden-md vc_hidden-sm vc_hidden-xs\u00bb][vc_single_image image=\u00bb5249&#8243; img_size=\u00bbfull\u00bb alignment=\u00bbright\u00bb el_class=\u00bbpage-margin-top side-image\u00bb][vc_empty_space height=\u00bb100px\u00bb][\/vc_column][vc_column top_margin=\u00bbpage-margin-top-section\u00bb width=\u00bb1\/2&#8243; el_class=\u00bbpadding-left-30&#8243;]<h3 class=\"box-header\">Somos diferentes<\/h3><h2 class=\"box-header large margin-top-30 no-border\">Nuestra marca es garant\u00eda de los mejores resultados<\/h2>[vc_column_text el_class=\u00bblarge margin-top-10&#8243;]Somos pioneros en un sistema de recuperaci\u00f3n exclusivo que se basa en\u00a0 el conocimiento y la integraci\u00f3n de diversas ciencias de la salud y la experiencia acumulada en numerosas terapias f\u00edsicas denominado<strong> Resecci\u00f3n Manual Fibroconectiva (REMAFIBC).<\/strong>[\/vc_column_text]<ul class=\"simple-list margin-top-15 clearfix\"><li class=\"template-tick-2 clearfix\">\n\t\t\t<span>Nos avalan m\u00e1s de <strong>30.000 pacientes<\/strong> y <strong>17 a\u00f1os de experiencia<\/strong> con resultados excelentes.<\/span><\/li><li class=\"template-tick-2 clearfix\">\n\t\t\t<span>Utilizamos la <strong>Auscultaci\u00f3n Manual<\/strong>, por eso, nuestra intervenci\u00f3n ser\u00e1 indolora.<\/span><\/li><li class=\"template-tick-2 clearfix\">\n\t\t\t<span>Estamos contigo <strong>el tiempo que necesites<\/strong>, nuestra intervenci\u00f3n se adapta de forma personalizada en cada caso.<\/span><\/li><li class=\"template-tick-2 clearfix\">\n\t\t\t<span>Somos <strong>innovadores y vanguardistas<\/strong>, diagnosticamos la causa de la lesi\u00f3n\u00a0 sintetizando el tratamiento y los ejercicios del paciente en su seguimiento para una recuperaci\u00f3n eficaz de mantenimiento y prevenci\u00f3n.<\/span><\/li><\/p>\n<p><\/ul>[\/vc_column][\/vc_row][vc_row type=\u00bbfull-width\u00bb top_margin=\u00bbpage-margin-top\u00bb el_class=\u00bbflex-box\u00bb css=\u00bb.vc_custom_1663333886593{background-color: #ffffff !important;}\u00bb][vc_column width=\u00bb1\/2&#8243; css=\u00bb.vc_custom_1662719196768{background-position: center !important;background-repeat: no-repeat !important;background-size: cover !important;}\u00bb el_class=\u00bbpadding-bottom-128 column-limited\u00bb][vc_row_inner][vc_column_inner]<h3 class=\"box-header large margin-top-30\">Fisioterapia centrada en ti<\/h3><h2 class=\"box-header margin-92 no-border\">Nos encanta lo que hacemos<\/h2>[vc_column_text]En nuestro trabajo somos minuciosos y ponemos todo nuestro esfuerzo en conseguir resultados. Damos una importancia extrema a los detalles poniendo el coraz\u00f3n en todo lo que hacemos, ya que nuestro trabajo es vocacional.[\/vc_column_text][\/vc_column_inner][\/vc_row_inner][vc_row_inner][vc_column_inner width=\u00bb1\/2&#8243;]<ul class=\"simple-list margin-top-15 clearfix\"><li class=\"template-tick-2 clearfix\">\n\t\t\t<span>Hipnosis, PNL y NMG<\/span><\/li><li class=\"template-tick-2 clearfix\">\n\t\t\t<span>Ba\u00f1os de sonido y terapia vibracional<\/span><\/li><li class=\"template-tick-2 clearfix\">\n\t\t\t<span>Osteopat\u00eda<\/span><\/li><li class=\"template-tick-2 clearfix\">\n\t\t\t<span> Microbiota y Psiconeuroinmunolog\u00eda<\/span><\/li><\/ul>[\/vc_column_inner][vc_column_inner width=\u00bb1\/2&#8243;]<ul class=\"simple-list padding-right-100 clearfix\"><li class=\"template-tick-2 clearfix\">\n\t\t\t<span>Fisioterapia<\/span><\/li><li class=\"template-tick-2 clearfix\">\n\t\t\t<span>Fascioterapia<\/span><\/li><li class=\"template-tick-2 clearfix\">\n\t\t\t<span>Nutrici\u00f3n y Entrenamiento Personal<\/span><\/li><li class=\"template-tick-2 clearfix\">\n\t\t\t<span>Autoelastificaciones<\/span><\/li><\/ul>[\/vc_column_inner][\/vc_row_inner][\/vc_column][vc_column width=\u00bb1\/2&#8243;][vc_single_image image=\u00bb5549&#8243; img_size=\u00bblarge-thumb\u00bb el_class=\u00bbflex-hide\u00bb]<a href=\"https:\/\/youtu.be\/IZIBcz6AFOk\" class=\"icon-single hexagon fancybox\"><span class=\"features-play\"><\/span><\/a>[\/vc_column][\/vc_row][vc_row type=\u00bbfull-width\u00bb el_class=\u00bbpadding-top-89&#8243; css=\u00bb.vc_custom_1540216635141{background-color: #f0f0f0 !important;}\u00bb][vc_column][vc_row_inner][vc_column_inner]<h2 class=\"box-header large align-center\">Por qu\u00e9 nos eligen<\/h2>[vc_column_text el_class=\u00bblarge margin-top-20 align-center\u00bb]El trato personalizado es una de nuestras fortalezas. Cada paciente es un mundo y les dedicamos el tiempo que necesitan.[\/vc_column_text][\/vc_column_inner][\/vc_row_inner][vc_row_inner top_margin=\u00bbpage-margin-top\u00bb][vc_column_inner width=\u00bb1\/3&#8243;]<ul class=\"clearfix mc-features mc-features-large mc-features-style-default\"><li class=\"item-content clearfix\">\r\n\t\t\t\t<span class=\"hexagon animated-element animation-scale\"  title=\"Resecci\u00f3n Manual Fibroconectiva\"><span class=\"features-medical-document\"><\/span><\/span><div class=\"text\"><h3><span   title=\"Resecci\u00f3n Manual Fibroconectiva\">Resecci\u00f3n Manual Fibroconectiva<\/span><\/h3><p>Es una especialidad que nace de la terapia manual avanzada y especializada, y tiene como objetivo la \u201cExcelencia\u201d a la hora de valorar, diagnosticar y restablecer los tejidos lesionados por medio del agente f\u00edsico manual.<\/p>\n<\/div>\r\n\t\t\t<\/li><\/ul>[\/vc_column_inner][vc_column_inner width=\u00bb1\/3&#8243;]<ul class=\"clearfix mc-features mc-features-large mc-features-style-default\"><li class=\"item-content clearfix\">\r\n\t\t\t\t<span class=\"hexagon animated-element animation-scale\"  title=\"Tratamiento y tiempo personalizado\"><span class=\"features-time\"><\/span><\/span><div class=\"text\"><h3><span   title=\"Tratamiento y tiempo personalizado\">Tratamiento y tiempo personalizado<\/span><\/h3><p>Todo tiene su tiempo y es algo que nos define profesionalmente, hemos logrado tener unos tiempos de intervenci\u00f3n que se ajustan a cada persona para obtener los mejores resultados.<\/p>\n<\/div>\r\n\t\t\t<\/li><\/ul>[\/vc_column_inner][vc_column_inner width=\u00bb1\/3&#8243;]<ul class=\"clearfix mc-features mc-features-large mc-features-style-default\"><li class=\"item-content clearfix\">\r\n\t\t\t\t<span class=\"hexagon animated-element animation-scale\"  title=\"Tratamiento indoloro\"><span class=\"features-healthcare\"><\/span><\/span><div class=\"text\"><h3><span   title=\"Tratamiento indoloro\">Tratamiento indoloro<\/span><\/h3><p>Durante el tratamiento el paciente no percibir\u00e1 dolor gracias a Auscultaci\u00f3n Manual que es algo que nos define y nos hace diferentes del resto, la diferencia fundamental es que la mano se adapta a la estructura del cuerpo que se est\u00e9 tratando de elastificar.<\/p>\n<\/div>\r\n\t\t\t<\/li><\/ul>[\/vc_column_inner][\/vc_row_inner][\/vc_column][\/vc_row][vc_row type=\u00bbfull-width\u00bb css=\u00bb.vc_custom_1540216740456{background-color: #f0f0f0 !important;}\u00bb][vc_column][vc_empty_space][\/vc_column][\/vc_row]<\/p>\n","protected":false},"excerpt":{"rendered":"<p>[vc_row type=\u00bbfull-width\u00bb el_class=\u00bbflex-box\u00bb css=\u00bb.vc_custom_1540285559272{background-color: #ffffff !important;}\u00bb][vc_column top_margin=\u00bbpage-margin-top-section\u00bb width=\u00bb1\/2&#8243; css=\u00bb.vc_custom_1662481084244{background: #ffffff url(http:\/\/quanticalabs.com\/wptest\/medicenter-new\/files\/2018\/10\/placeholder.jpg?id=3750) !important;background-position: center !important;background-repeat: no-repeat !important;background-size: cover !important;}\u00bb][vc_single_image image=\u00bb5586&#8243; img_size=\u00bbFULL\u00bb alignment=\u00bbright\u00bb css=\u00bb.vc_custom_1663587870587{background-color: #ffffff !important;}\u00bb][vc_empty_space][\/vc_column][vc_column width=\u00bb1\/2&#8243; el_class=\u00bbpadding-bottom-100 column-limited\u00bb][vc_row_inner el_class=\u00bbpadding-left-100&#8243;][vc_column_inner][vc_column_text el_class=\u00bblarge margin-top-10&#8243;]Autor del libro: Tratado de Resecci\u00f3n Manual Fibroconectiva Nuestra marca es garant\u00eda de los mejores resultados. Los pacientes necesitan un fisioterapeuta con vocaci\u00f3n, y yo si<\/p>\n","protected":false},"author":1,"featured_media":0,"parent":0,"menu_order":0,"comment_status":"closed","ping_status":"closed","template":"","meta":{"_joinchat":[],"footnotes":""},"class_list":["post-3811","page","type-page","status-publish","hentry"],"yoast_head":"<!-- This site is optimized with the Yoast SEO plugin v27.6 - https:\/\/yoast.com\/product\/yoast-seo-wordpress\/ -->\n<title>\u00bfQui\u00e9nes somos? - Remafibc<\/title>\n<meta name=\"description\" content=\"Nuestra marca es garant\u00eda de los mejores resultados. Los pacientes necesitan un fisioterapeuta con vocaci\u00f3n.\" \/>\n<meta name=\"robots\" content=\"index, follow, max-snippet:-1, max-image-preview:large, max-video-preview:-1\" \/>\n<link rel=\"canonical\" href=\"https:\/\/remafibc.com\/?page_id=3811\" \/>\n<meta property=\"og:locale\" content=\"es_ES\" \/>\n<meta property=\"og:type\" content=\"article\" \/>\n<meta property=\"og:title\" content=\"\u00bfQui\u00e9nes somos? - Remafibc\" \/>\n<meta property=\"og:description\" content=\"Nuestra marca es garant\u00eda de los mejores resultados. Los pacientes necesitan un fisioterapeuta con vocaci\u00f3n.\" \/>\n<meta property=\"og:url\" content=\"https:\/\/remafibc.com\/?page_id=3811\" \/>\n<meta property=\"og:site_name\" content=\"Remafibc\" \/>\n<meta property=\"article:modified_time\" content=\"2023-08-31T11:41:01+00:00\" \/>\n<meta name=\"twitter:card\" content=\"summary_large_image\" \/>\n<meta name=\"twitter:label1\" content=\"Tiempo de lectura\" \/>\n\t<meta name=\"twitter:data1\" content=\"3 minutos\" \/>\n<script type=\"application\/ld+json\" class=\"yoast-schema-graph\">{\"@context\":\"https:\\\/\\\/schema.org\",\"@graph\":[{\"@type\":\"WebPage\",\"@id\":\"https:\\\/\\\/remafibc.com\\\/?page_id=3811\",\"url\":\"https:\\\/\\\/remafibc.com\\\/?page_id=3811\",\"name\":\"\u00bfQui\u00e9nes somos? - Remafibc\",\"isPartOf\":{\"@id\":\"https:\\\/\\\/remafibc.com\\\/#website\"},\"datePublished\":\"2018-10-25T12:36:29+00:00\",\"dateModified\":\"2023-08-31T11:41:01+00:00\",\"description\":\"Nuestra marca es garant\u00eda de los mejores resultados. Los pacientes necesitan un fisioterapeuta con vocaci\u00f3n.\",\"breadcrumb\":{\"@id\":\"https:\\\/\\\/remafibc.com\\\/?page_id=3811#breadcrumb\"},\"inLanguage\":\"es\",\"potentialAction\":[{\"@type\":\"ReadAction\",\"target\":[\"https:\\\/\\\/remafibc.com\\\/?page_id=3811\"]}]},{\"@type\":\"BreadcrumbList\",\"@id\":\"https:\\\/\\\/remafibc.com\\\/?page_id=3811#breadcrumb\",\"itemListElement\":[{\"@type\":\"ListItem\",\"position\":1,\"name\":\"Portada\",\"item\":\"https:\\\/\\\/remafibc.com\\\/\"},{\"@type\":\"ListItem\",\"position\":2,\"name\":\"\u00bfQui\u00e9nes somos?\"}]},{\"@type\":\"WebSite\",\"@id\":\"https:\\\/\\\/remafibc.com\\\/#website\",\"url\":\"https:\\\/\\\/remafibc.com\\\/\",\"name\":\"Remafibc\",\"description\":\"Tu fisioterapeuta en Madrid\",\"publisher\":{\"@id\":\"https:\\\/\\\/remafibc.com\\\/#organization\"},\"potentialAction\":[{\"@type\":\"SearchAction\",\"target\":{\"@type\":\"EntryPoint\",\"urlTemplate\":\"https:\\\/\\\/remafibc.com\\\/?s={search_term_string}\"},\"query-input\":{\"@type\":\"PropertyValueSpecification\",\"valueRequired\":true,\"valueName\":\"search_term_string\"}}],\"inLanguage\":\"es\"},{\"@type\":\"Organization\",\"@id\":\"https:\\\/\\\/remafibc.com\\\/#organization\",\"name\":\"Remafibc\",\"url\":\"https:\\\/\\\/remafibc.com\\\/\",\"logo\":{\"@type\":\"ImageObject\",\"inLanguage\":\"es\",\"@id\":\"https:\\\/\\\/remafibc.com\\\/#\\\/schema\\\/logo\\\/image\\\/\",\"url\":\"https:\\\/\\\/remafibc.com\\\/wp-content\\\/uploads\\\/2022\\\/07\\\/LOGO_REMAFIBC_WEB_SINR_Mesa-de-trabajo-1.png\",\"contentUrl\":\"https:\\\/\\\/remafibc.com\\\/wp-content\\\/uploads\\\/2022\\\/07\\\/LOGO_REMAFIBC_WEB_SINR_Mesa-de-trabajo-1.png\",\"width\":2922,\"height\":726,\"caption\":\"Remafibc\"},\"image\":{\"@id\":\"https:\\\/\\\/remafibc.com\\\/#\\\/schema\\\/logo\\\/image\\\/\"},\"sameAs\":[\"https:\\\/\\\/www.instagram.com\\\/remafibc\\\/\"]}]}<\/script>\n<!-- \/ Yoast SEO plugin. -->","yoast_head_json":{"title":"\u00bfQui\u00e9nes somos? - Remafibc","description":"Nuestra marca es garant\u00eda de los mejores resultados. Los pacientes necesitan un fisioterapeuta con vocaci\u00f3n.","robots":{"index":"index","follow":"follow","max-snippet":"max-snippet:-1","max-image-preview":"max-image-preview:large","max-video-preview":"max-video-preview:-1"},"canonical":"https:\/\/remafibc.com\/?page_id=3811","og_locale":"es_ES","og_type":"article","og_title":"\u00bfQui\u00e9nes somos? - Remafibc","og_description":"Nuestra marca es garant\u00eda de los mejores resultados. Los pacientes necesitan un fisioterapeuta con vocaci\u00f3n.","og_url":"https:\/\/remafibc.com\/?page_id=3811","og_site_name":"Remafibc","article_modified_time":"2023-08-31T11:41:01+00:00","twitter_card":"summary_large_image","twitter_misc":{"Tiempo de lectura":"3 minutos"},"schema":{"@context":"https:\/\/schema.org","@graph":[{"@type":"WebPage","@id":"https:\/\/remafibc.com\/?page_id=3811","url":"https:\/\/remafibc.com\/?page_id=3811","name":"\u00bfQui\u00e9nes somos? - Remafibc","isPartOf":{"@id":"https:\/\/remafibc.com\/#website"},"datePublished":"2018-10-25T12:36:29+00:00","dateModified":"2023-08-31T11:41:01+00:00","description":"Nuestra marca es garant\u00eda de los mejores resultados. Los pacientes necesitan un fisioterapeuta con vocaci\u00f3n.","breadcrumb":{"@id":"https:\/\/remafibc.com\/?page_id=3811#breadcrumb"},"inLanguage":"es","potentialAction":[{"@type":"ReadAction","target":["https:\/\/remafibc.com\/?page_id=3811"]}]},{"@type":"BreadcrumbList","@id":"https:\/\/remafibc.com\/?page_id=3811#breadcrumb","itemListElement":[{"@type":"ListItem","position":1,"name":"Portada","item":"https:\/\/remafibc.com\/"},{"@type":"ListItem","position":2,"name":"\u00bfQui\u00e9nes somos?"}]},{"@type":"WebSite","@id":"https:\/\/remafibc.com\/#website","url":"https:\/\/remafibc.com\/","name":"Remafibc","description":"Tu fisioterapeuta en Madrid","publisher":{"@id":"https:\/\/remafibc.com\/#organization"},"potentialAction":[{"@type":"SearchAction","target":{"@type":"EntryPoint","urlTemplate":"https:\/\/remafibc.com\/?s={search_term_string}"},"query-input":{"@type":"PropertyValueSpecification","valueRequired":true,"valueName":"search_term_string"}}],"inLanguage":"es"},{"@type":"Organization","@id":"https:\/\/remafibc.com\/#organization","name":"Remafibc","url":"https:\/\/remafibc.com\/","logo":{"@type":"ImageObject","inLanguage":"es","@id":"https:\/\/remafibc.com\/#\/schema\/logo\/image\/","url":"https:\/\/remafibc.com\/wp-content\/uploads\/2022\/07\/LOGO_REMAFIBC_WEB_SINR_Mesa-de-trabajo-1.png","contentUrl":"https:\/\/remafibc.com\/wp-content\/uploads\/2022\/07\/LOGO_REMAFIBC_WEB_SINR_Mesa-de-trabajo-1.png","width":2922,"height":726,"caption":"Remafibc"},"image":{"@id":"https:\/\/remafibc.com\/#\/schema\/logo\/image\/"},"sameAs":["https:\/\/www.instagram.com\/remafibc\/"]}]}},"_links":{"self":[{"href":"https:\/\/remafibc.com\/index.php?rest_route=\/wp\/v2\/pages\/3811","targetHints":{"allow":["GET"]}}],"collection":[{"href":"https:\/\/remafibc.com\/index.php?rest_route=\/wp\/v2\/pages"}],"about":[{"href":"https:\/\/remafibc.com\/index.php?rest_route=\/wp\/v2\/types\/page"}],"author":[{"embeddable":true,"href":"https:\/\/remafibc.com\/index.php?rest_route=\/wp\/v2\/users\/1"}],"replies":[{"embeddable":true,"href":"https:\/\/remafibc.com\/index.php?rest_route=%2Fwp%2Fv2%2Fcomments&post=3811"}],"version-history":[{"count":118,"href":"https:\/\/remafibc.com\/index.php?rest_route=\/wp\/v2\/pages\/3811\/revisions"}],"predecessor-version":[{"id":5587,"href":"https:\/\/remafibc.com\/index.php?rest_route=\/wp\/v2\/pages\/3811\/revisions\/5587"}],"wp:attachment":[{"href":"https:\/\/remafibc.com\/index.php?rest_route=%2Fwp%2Fv2%2Fmedia&parent=3811"}],"curies":[{"name":"wp","href":"https:\/\/api.w.org\/{rel}","templated":true}]}}