{"id":3794,"date":"2018-10-25T11:45:48","date_gmt":"2018-10-25T11:45:48","guid":{"rendered":"http:\/\/quanticalabs.com\/wptest\/medicenter-new\/?page_id=3794"},"modified":"2023-08-31T12:06:45","modified_gmt":"2023-08-31T12:06:45","slug":"servicios","status":"publish","type":"page","link":"https:\/\/remafibc.com\/?page_id=3794","title":{"rendered":"Servicios"},"content":{"rendered":"<p>[vc_row top_margin=\u00bbpage-margin-top-section\u00bb][vc_column]<ul class=\"services-list clearfix\"><li class=\"vc_row wpb_row vc_row-fluid\"><ul><li><img loading=\"lazy\" decoding=\"async\" width=\"480\" height=\"320\" src=\"https:\/\/remafibc.com\/wp-content\/uploads\/2022\/07\/1-portada-01-scaled-e1663596935512-480x320.jpg\" class=\"attachment-medium-thumb size-medium-thumb wp-post-image\" alt=\"REMAFIBC &#8211; RESECCI\u00d3N MANUAL FIBROCONECTIVA\" title=\"\" srcset=\"https:\/\/remafibc.com\/wp-content\/uploads\/2022\/07\/1-portada-01-scaled-e1663596935512-480x320.jpg 480w, https:\/\/remafibc.com\/wp-content\/uploads\/2022\/07\/1-portada-01-scaled-e1663596935512-670x446.jpg 670w, https:\/\/remafibc.com\/wp-content\/uploads\/2022\/07\/1-portada-01-scaled-e1663596935512-600x400.jpg 600w, https:\/\/remafibc.com\/wp-content\/uploads\/2022\/07\/1-portada-01-scaled-e1663596935512-390x260.jpg 390w, https:\/\/remafibc.com\/wp-content\/uploads\/2022\/07\/1-portada-01-scaled-e1663596935512-285x190.jpg 285w\" sizes=\"auto, (max-width: 480px) 100vw, 480px\" \/><div class=\"service-details\"><h4>REMAFIBC &#8211; RESECCI\u00d3N MANUAL FIBROCONECTIVA<\/h4><p>Intervenci\u00f3n especializada en el diagn\u00f3stico y tratamiento manual por planos del tejido. Restablecimiento de adherencias y la implicaci\u00f3n del SNA. <\/p>\n<\/div><\/li><li><img loading=\"lazy\" decoding=\"async\" width=\"480\" height=\"320\" src=\"https:\/\/remafibc.com\/wp-content\/uploads\/2021\/05\/Image-1-5-480x320.jpg\" class=\"attachment-medium-thumb size-medium-thumb wp-post-image\" alt=\"FISIOTERAPIA\" title=\"\" srcset=\"https:\/\/remafibc.com\/wp-content\/uploads\/2021\/05\/Image-1-5-480x320.jpg 480w, https:\/\/remafibc.com\/wp-content\/uploads\/2021\/05\/Image-1-5-600x400.jpg 600w, https:\/\/remafibc.com\/wp-content\/uploads\/2021\/05\/Image-1-5-390x260.jpg 390w, https:\/\/remafibc.com\/wp-content\/uploads\/2021\/05\/Image-1-5-285x190.jpg 285w\" sizes=\"auto, (max-width: 480px) 100vw, 480px\" \/><div class=\"service-details\"><h4>FISIOTERAPIA<\/h4><p>Recuperaci\u00f3n del paciente con cualquier agente f\u00edsico natural que mejore su estado de salud.<\/p>\n<\/div><\/li><li><img loading=\"lazy\" decoding=\"async\" width=\"480\" height=\"320\" src=\"https:\/\/remafibc.com\/wp-content\/uploads\/2022\/07\/1-columnaqqqqq-480x320.jpg\" class=\"attachment-medium-thumb size-medium-thumb wp-post-image\" alt=\"FASCIOTERAPIA\" title=\"\" srcset=\"https:\/\/remafibc.com\/wp-content\/uploads\/2022\/07\/1-columnaqqqqq-480x320.jpg 480w, https:\/\/remafibc.com\/wp-content\/uploads\/2022\/07\/1-columnaqqqqq-300x200.jpg 300w, https:\/\/remafibc.com\/wp-content\/uploads\/2022\/07\/1-columnaqqqqq-1024x684.jpg 1024w, https:\/\/remafibc.com\/wp-content\/uploads\/2022\/07\/1-columnaqqqqq-768x513.jpg 768w, https:\/\/remafibc.com\/wp-content\/uploads\/2022\/07\/1-columnaqqqqq-1536x1025.jpg 1536w, https:\/\/remafibc.com\/wp-content\/uploads\/2022\/07\/1-columnaqqqqq-2048x1367.jpg 2048w, https:\/\/remafibc.com\/wp-content\/uploads\/2022\/07\/1-columnaqqqqq-670x446.jpg 670w, https:\/\/remafibc.com\/wp-content\/uploads\/2022\/07\/1-columnaqqqqq-600x400.jpg 600w, https:\/\/remafibc.com\/wp-content\/uploads\/2022\/07\/1-columnaqqqqq-390x260.jpg 390w, https:\/\/remafibc.com\/wp-content\/uploads\/2022\/07\/1-columnaqqqqq-285x190.jpg 285w\" sizes=\"auto, (max-width: 480px) 100vw, 480px\" \/><div class=\"service-details\"><h4>FASCIOTERAPIA<\/h4><p>Tratamiento integral del tejido conectivo.<\/p>\n<\/div><\/li><\/ul><\/li><li class=\"vc_row wpb_row vc_row-fluid\"><ul><li><img loading=\"lazy\" decoding=\"async\" width=\"480\" height=\"320\" src=\"https:\/\/remafibc.com\/wp-content\/uploads\/2018\/10\/estiramientos-480x320.png\" class=\"attachment-medium-thumb size-medium-thumb wp-post-image\" alt=\"ESTIRAMIENTO Y AUTOELASTIFICACIONES\" title=\"\" srcset=\"https:\/\/remafibc.com\/wp-content\/uploads\/2018\/10\/estiramientos-480x320.png 480w, https:\/\/remafibc.com\/wp-content\/uploads\/2018\/10\/estiramientos-670x446.png 670w, https:\/\/remafibc.com\/wp-content\/uploads\/2018\/10\/estiramientos-600x400.png 600w, https:\/\/remafibc.com\/wp-content\/uploads\/2018\/10\/estiramientos-390x260.png 390w, https:\/\/remafibc.com\/wp-content\/uploads\/2018\/10\/estiramientos-285x190.png 285w\" sizes=\"auto, (max-width: 480px) 100vw, 480px\" \/><div class=\"service-details\"><h4>ESTIRAMIENTO Y AUTOELASTIFICACIONES<\/h4><p>Pueden parecer lo mismo, pero a la hora de realizarlos sus matices y efectos cambian.<\/p>\n<\/div><\/li><li><img loading=\"lazy\" decoding=\"async\" width=\"480\" height=\"320\" src=\"https:\/\/remafibc.com\/wp-content\/uploads\/2018\/10\/hipnosis_fisio_madrid-480x320.jpg\" class=\"attachment-medium-thumb size-medium-thumb wp-post-image\" alt=\"HIPNOSIS, PNL Y NMG\" title=\"\" srcset=\"https:\/\/remafibc.com\/wp-content\/uploads\/2018\/10\/hipnosis_fisio_madrid-480x320.jpg 480w, https:\/\/remafibc.com\/wp-content\/uploads\/2018\/10\/hipnosis_fisio_madrid-300x200.jpg 300w, https:\/\/remafibc.com\/wp-content\/uploads\/2018\/10\/hipnosis_fisio_madrid-1024x683.jpg 1024w, https:\/\/remafibc.com\/wp-content\/uploads\/2018\/10\/hipnosis_fisio_madrid-768x512.jpg 768w, https:\/\/remafibc.com\/wp-content\/uploads\/2018\/10\/hipnosis_fisio_madrid-1536x1024.jpg 1536w, https:\/\/remafibc.com\/wp-content\/uploads\/2018\/10\/hipnosis_fisio_madrid-2048x1365.jpg 2048w, https:\/\/remafibc.com\/wp-content\/uploads\/2018\/10\/hipnosis_fisio_madrid-670x446.jpg 670w, https:\/\/remafibc.com\/wp-content\/uploads\/2018\/10\/hipnosis_fisio_madrid-600x400.jpg 600w, https:\/\/remafibc.com\/wp-content\/uploads\/2018\/10\/hipnosis_fisio_madrid-390x260.jpg 390w, https:\/\/remafibc.com\/wp-content\/uploads\/2018\/10\/hipnosis_fisio_madrid-285x190.jpg 285w\" sizes=\"auto, (max-width: 480px) 100vw, 480px\" \/><div class=\"service-details\"><h4>HIPNOSIS, PNL Y NMG<\/h4><p>Tratamientos para la toma de conciencia y resolver alteraciones de origen psicosom\u00e1tico.<\/p>\n<\/div><\/li><li><img loading=\"lazy\" decoding=\"async\" width=\"480\" height=\"320\" src=\"https:\/\/remafibc.com\/wp-content\/uploads\/2022\/07\/1-craneal elastificacion-480x320.jpg\" class=\"attachment-medium-thumb size-medium-thumb wp-post-image\" alt=\"OSTEOPAT\u00cdA\" title=\"\" srcset=\"https:\/\/remafibc.com\/wp-content\/uploads\/2022\/07\/1-craneal%20elastificacion-480x320.jpg 480w, https:\/\/remafibc.com\/wp-content\/uploads\/2022\/07\/1-craneal%20elastificacion-300x200.jpg 300w, https:\/\/remafibc.com\/wp-content\/uploads\/2022\/07\/1-craneal%20elastificacion-1024x684.jpg 1024w, https:\/\/remafibc.com\/wp-content\/uploads\/2022\/07\/1-craneal%20elastificacion-768x513.jpg 768w, https:\/\/remafibc.com\/wp-content\/uploads\/2022\/07\/1-craneal%20elastificacion-1536x1025.jpg 1536w, https:\/\/remafibc.com\/wp-content\/uploads\/2022\/07\/1-craneal%20elastificacion-2048x1367.jpg 2048w, https:\/\/remafibc.com\/wp-content\/uploads\/2022\/07\/1-craneal%20elastificacion-670x446.jpg 670w, https:\/\/remafibc.com\/wp-content\/uploads\/2022\/07\/1-craneal%20elastificacion-600x400.jpg 600w, https:\/\/remafibc.com\/wp-content\/uploads\/2022\/07\/1-craneal%20elastificacion-390x260.jpg 390w, https:\/\/remafibc.com\/wp-content\/uploads\/2022\/07\/1-craneal%20elastificacion-285x190.jpg 285w\" sizes=\"auto, (max-width: 480px) 100vw, 480px\" \/><div class=\"service-details\"><h4>OSTEOPAT\u00cdA<\/h4><p>Incorpora T\u00e9cnicas manuales de Alta Velocidad tipo \u00abTRUSHT\u00bb e intervenciones m\u00e1s sutiles a nivel sacro-craneal y visceral con un enfoque hol\u00edstico.<\/p>\n<\/div><\/li><\/ul><\/li><li class=\"vc_row wpb_row vc_row-fluid\"><ul><li><img loading=\"lazy\" decoding=\"async\" width=\"480\" height=\"320\" src=\"https:\/\/remafibc.com\/wp-content\/uploads\/2018\/10\/Image-1-1-480x320.jpg\" class=\"attachment-medium-thumb size-medium-thumb wp-post-image\" alt=\"BA\u00d1OS DE SONIDO Y TERAPIA VIBRACIONAL\" title=\"\" srcset=\"https:\/\/remafibc.com\/wp-content\/uploads\/2018\/10\/Image-1-1-480x320.jpg 480w, https:\/\/remafibc.com\/wp-content\/uploads\/2018\/10\/Image-1-1-390x260.jpg 390w, https:\/\/remafibc.com\/wp-content\/uploads\/2018\/10\/Image-1-1-285x190.jpg 285w\" sizes=\"auto, (max-width: 480px) 100vw, 480px\" \/><div class=\"service-details\"><h4>BA\u00d1OS DE SONIDO Y TERAPIA VIBRACIONAL<\/h4><p>Los sonidos a trav\u00e9s de los cuencos de cuarzo y cuencos de cuarzo alqu\u00edmicos te envuelven con su resonancia arm\u00f3nica cambiando el estado de conciencia y modulando el SNA. <\/p>\n<\/div><\/li><li><img loading=\"lazy\" decoding=\"async\" width=\"480\" height=\"320\" src=\"https:\/\/remafibc.com\/wp-content\/uploads\/2022\/07\/nutricion_remafibc-480x320.jpg\" class=\"attachment-medium-thumb size-medium-thumb wp-post-image\" alt=\"NUTRICI\u00d3N Y ENTRENAMIENTO PERSONAL\" title=\"\" srcset=\"https:\/\/remafibc.com\/wp-content\/uploads\/2022\/07\/nutricion_remafibc-480x320.jpg 480w, https:\/\/remafibc.com\/wp-content\/uploads\/2022\/07\/nutricion_remafibc-300x200.jpg 300w, https:\/\/remafibc.com\/wp-content\/uploads\/2022\/07\/nutricion_remafibc-1024x683.jpg 1024w, https:\/\/remafibc.com\/wp-content\/uploads\/2022\/07\/nutricion_remafibc-768x513.jpg 768w, https:\/\/remafibc.com\/wp-content\/uploads\/2022\/07\/nutricion_remafibc-1536x1025.jpg 1536w, https:\/\/remafibc.com\/wp-content\/uploads\/2022\/07\/nutricion_remafibc-2048x1367.jpg 2048w, https:\/\/remafibc.com\/wp-content\/uploads\/2022\/07\/nutricion_remafibc-670x446.jpg 670w, https:\/\/remafibc.com\/wp-content\/uploads\/2022\/07\/nutricion_remafibc-600x400.jpg 600w, https:\/\/remafibc.com\/wp-content\/uploads\/2022\/07\/nutricion_remafibc-390x260.jpg 390w, https:\/\/remafibc.com\/wp-content\/uploads\/2022\/07\/nutricion_remafibc-285x190.jpg 285w\" sizes=\"auto, (max-width: 480px) 100vw, 480px\" \/><div class=\"service-details\"><h4>NUTRICI\u00d3N Y ENTRENAMIENTO PERSONAL<\/h4><p>Dos factores que van de la mano son la alimentaci\u00f3n y el ejercicio para el mantenimiento de una buena salud y calidad de vida.<\/p>\n<\/div><\/li><\/ul><\/li><\/ul>[\/vc_column][\/vc_row]<\/p>\n","protected":false},"excerpt":{"rendered":"<p>[vc_row top_margin=\u00bbpage-margin-top-section\u00bb][vc_column][\/vc_column][\/vc_row]<\/p>\n","protected":false},"author":1,"featured_media":0,"parent":0,"menu_order":0,"comment_status":"closed","ping_status":"closed","template":"","meta":{"_joinchat":[],"footnotes":""},"class_list":["post-3794","page","type-page","status-publish","hentry"],"yoast_head":"<!-- This site is optimized with the Yoast SEO plugin v27.6 - https:\/\/yoast.com\/product\/yoast-seo-wordpress\/ -->\n<title>Servicios - Remafibc<\/title>\n<meta name=\"description\" content=\"Tratamientos de fisioterapia aplicados por los mejores fisioterapeutas en Espa\u00f1a con los mejores medios tecnol\u00f3gicos.\" \/>\n<meta name=\"robots\" content=\"index, follow, max-snippet:-1, max-image-preview:large, max-video-preview:-1\" \/>\n<link rel=\"canonical\" href=\"https:\/\/remafibc.com\/?page_id=3794\" \/>\n<meta property=\"og:locale\" content=\"es_ES\" \/>\n<meta property=\"og:type\" content=\"article\" \/>\n<meta property=\"og:title\" content=\"Servicios - Remafibc\" \/>\n<meta property=\"og:description\" content=\"Tratamientos de fisioterapia aplicados por los mejores fisioterapeutas en Espa\u00f1a con los mejores medios tecnol\u00f3gicos.\" \/>\n<meta property=\"og:url\" content=\"https:\/\/remafibc.com\/?page_id=3794\" \/>\n<meta property=\"og:site_name\" content=\"Remafibc\" \/>\n<meta property=\"article:modified_time\" content=\"2023-08-31T12:06:45+00:00\" \/>\n<meta name=\"twitter:card\" content=\"summary_large_image\" \/>\n<meta name=\"twitter:label1\" content=\"Tiempo de lectura\" \/>\n\t<meta name=\"twitter:data1\" content=\"1 minuto\" \/>\n<script type=\"application\/ld+json\" class=\"yoast-schema-graph\">{\"@context\":\"https:\\\/\\\/schema.org\",\"@graph\":[{\"@type\":\"WebPage\",\"@id\":\"https:\\\/\\\/remafibc.com\\\/?page_id=3794\",\"url\":\"https:\\\/\\\/remafibc.com\\\/?page_id=3794\",\"name\":\"Servicios - Remafibc\",\"isPartOf\":{\"@id\":\"https:\\\/\\\/remafibc.com\\\/#website\"},\"datePublished\":\"2018-10-25T11:45:48+00:00\",\"dateModified\":\"2023-08-31T12:06:45+00:00\",\"description\":\"Tratamientos de fisioterapia aplicados por los mejores fisioterapeutas en Espa\u00f1a con los mejores medios tecnol\u00f3gicos.\",\"breadcrumb\":{\"@id\":\"https:\\\/\\\/remafibc.com\\\/?page_id=3794#breadcrumb\"},\"inLanguage\":\"es\",\"potentialAction\":[{\"@type\":\"ReadAction\",\"target\":[\"https:\\\/\\\/remafibc.com\\\/?page_id=3794\"]}]},{\"@type\":\"BreadcrumbList\",\"@id\":\"https:\\\/\\\/remafibc.com\\\/?page_id=3794#breadcrumb\",\"itemListElement\":[{\"@type\":\"ListItem\",\"position\":1,\"name\":\"Portada\",\"item\":\"https:\\\/\\\/remafibc.com\\\/\"},{\"@type\":\"ListItem\",\"position\":2,\"name\":\"Servicios\"}]},{\"@type\":\"WebSite\",\"@id\":\"https:\\\/\\\/remafibc.com\\\/#website\",\"url\":\"https:\\\/\\\/remafibc.com\\\/\",\"name\":\"Remafibc\",\"description\":\"Tu fisioterapeuta en Madrid\",\"publisher\":{\"@id\":\"https:\\\/\\\/remafibc.com\\\/#organization\"},\"potentialAction\":[{\"@type\":\"SearchAction\",\"target\":{\"@type\":\"EntryPoint\",\"urlTemplate\":\"https:\\\/\\\/remafibc.com\\\/?s={search_term_string}\"},\"query-input\":{\"@type\":\"PropertyValueSpecification\",\"valueRequired\":true,\"valueName\":\"search_term_string\"}}],\"inLanguage\":\"es\"},{\"@type\":\"Organization\",\"@id\":\"https:\\\/\\\/remafibc.com\\\/#organization\",\"name\":\"Remafibc\",\"url\":\"https:\\\/\\\/remafibc.com\\\/\",\"logo\":{\"@type\":\"ImageObject\",\"inLanguage\":\"es\",\"@id\":\"https:\\\/\\\/remafibc.com\\\/#\\\/schema\\\/logo\\\/image\\\/\",\"url\":\"https:\\\/\\\/remafibc.com\\\/wp-content\\\/uploads\\\/2022\\\/07\\\/LOGO_REMAFIBC_WEB_SINR_Mesa-de-trabajo-1.png\",\"contentUrl\":\"https:\\\/\\\/remafibc.com\\\/wp-content\\\/uploads\\\/2022\\\/07\\\/LOGO_REMAFIBC_WEB_SINR_Mesa-de-trabajo-1.png\",\"width\":2922,\"height\":726,\"caption\":\"Remafibc\"},\"image\":{\"@id\":\"https:\\\/\\\/remafibc.com\\\/#\\\/schema\\\/logo\\\/image\\\/\"},\"sameAs\":[\"https:\\\/\\\/www.instagram.com\\\/remafibc\\\/\"]}]}<\/script>\n<!-- \/ Yoast SEO plugin. -->","yoast_head_json":{"title":"Servicios - Remafibc","description":"Tratamientos de fisioterapia aplicados por los mejores fisioterapeutas en Espa\u00f1a con los mejores medios tecnol\u00f3gicos.","robots":{"index":"index","follow":"follow","max-snippet":"max-snippet:-1","max-image-preview":"max-image-preview:large","max-video-preview":"max-video-preview:-1"},"canonical":"https:\/\/remafibc.com\/?page_id=3794","og_locale":"es_ES","og_type":"article","og_title":"Servicios - Remafibc","og_description":"Tratamientos de fisioterapia aplicados por los mejores fisioterapeutas en Espa\u00f1a con los mejores medios tecnol\u00f3gicos.","og_url":"https:\/\/remafibc.com\/?page_id=3794","og_site_name":"Remafibc","article_modified_time":"2023-08-31T12:06:45+00:00","twitter_card":"summary_large_image","twitter_misc":{"Tiempo de lectura":"1 minuto"},"schema":{"@context":"https:\/\/schema.org","@graph":[{"@type":"WebPage","@id":"https:\/\/remafibc.com\/?page_id=3794","url":"https:\/\/remafibc.com\/?page_id=3794","name":"Servicios - Remafibc","isPartOf":{"@id":"https:\/\/remafibc.com\/#website"},"datePublished":"2018-10-25T11:45:48+00:00","dateModified":"2023-08-31T12:06:45+00:00","description":"Tratamientos de fisioterapia aplicados por los mejores fisioterapeutas en Espa\u00f1a con los mejores medios tecnol\u00f3gicos.","breadcrumb":{"@id":"https:\/\/remafibc.com\/?page_id=3794#breadcrumb"},"inLanguage":"es","potentialAction":[{"@type":"ReadAction","target":["https:\/\/remafibc.com\/?page_id=3794"]}]},{"@type":"BreadcrumbList","@id":"https:\/\/remafibc.com\/?page_id=3794#breadcrumb","itemListElement":[{"@type":"ListItem","position":1,"name":"Portada","item":"https:\/\/remafibc.com\/"},{"@type":"ListItem","position":2,"name":"Servicios"}]},{"@type":"WebSite","@id":"https:\/\/remafibc.com\/#website","url":"https:\/\/remafibc.com\/","name":"Remafibc","description":"Tu fisioterapeuta en Madrid","publisher":{"@id":"https:\/\/remafibc.com\/#organization"},"potentialAction":[{"@type":"SearchAction","target":{"@type":"EntryPoint","urlTemplate":"https:\/\/remafibc.com\/?s={search_term_string}"},"query-input":{"@type":"PropertyValueSpecification","valueRequired":true,"valueName":"search_term_string"}}],"inLanguage":"es"},{"@type":"Organization","@id":"https:\/\/remafibc.com\/#organization","name":"Remafibc","url":"https:\/\/remafibc.com\/","logo":{"@type":"ImageObject","inLanguage":"es","@id":"https:\/\/remafibc.com\/#\/schema\/logo\/image\/","url":"https:\/\/remafibc.com\/wp-content\/uploads\/2022\/07\/LOGO_REMAFIBC_WEB_SINR_Mesa-de-trabajo-1.png","contentUrl":"https:\/\/remafibc.com\/wp-content\/uploads\/2022\/07\/LOGO_REMAFIBC_WEB_SINR_Mesa-de-trabajo-1.png","width":2922,"height":726,"caption":"Remafibc"},"image":{"@id":"https:\/\/remafibc.com\/#\/schema\/logo\/image\/"},"sameAs":["https:\/\/www.instagram.com\/remafibc\/"]}]}},"_links":{"self":[{"href":"https:\/\/remafibc.com\/index.php?rest_route=\/wp\/v2\/pages\/3794","targetHints":{"allow":["GET"]}}],"collection":[{"href":"https:\/\/remafibc.com\/index.php?rest_route=\/wp\/v2\/pages"}],"about":[{"href":"https:\/\/remafibc.com\/index.php?rest_route=\/wp\/v2\/types\/page"}],"author":[{"embeddable":true,"href":"https:\/\/remafibc.com\/index.php?rest_route=\/wp\/v2\/users\/1"}],"replies":[{"embeddable":true,"href":"https:\/\/remafibc.com\/index.php?rest_route=%2Fwp%2Fv2%2Fcomments&post=3794"}],"version-history":[{"count":10,"href":"https:\/\/remafibc.com\/index.php?rest_route=\/wp\/v2\/pages\/3794\/revisions"}],"predecessor-version":[{"id":5739,"href":"https:\/\/remafibc.com\/index.php?rest_route=\/wp\/v2\/pages\/3794\/revisions\/5739"}],"wp:attachment":[{"href":"https:\/\/remafibc.com\/index.php?rest_route=%2Fwp%2Fv2%2Fmedia&parent=3794"}],"curies":[{"name":"wp","href":"https:\/\/api.w.org\/{rel}","templated":true}]}}